{"id":2041,"date":"2024-06-13T16:09:05","date_gmt":"2024-06-13T14:09:05","guid":{"rendered":"https:\/\/pescadosblasparadela.com\/cookie-policy\/"},"modified":"2024-10-18T13:14:58","modified_gmt":"2024-10-18T11:14:58","slug":"cookie-policy","status":"publish","type":"page","link":"https:\/\/pescadosblasparadela.com\/en\/cookie-policy\/","title":{"rendered":"COOKIE POLICY"},"content":{"rendered":"<p>[et_pb_section fb_built=&#8221;1&#8243; _builder_version=&#8221;4.25.2&#8243; background_image=&#8221;https:\/\/pescadosblasparadela.com\/wp-content\/uploads\/2024\/06\/fd-mar.jpg&#8221; height=&#8221;320px&#8221; height_tablet=&#8221;320px&#8221; height_phone=&#8221;&#8221; height_last_edited=&#8221;on|desktop&#8221; bottom_divider_style=&#8221;wave2&#8243; bottom_divider_color=&#8221;#FFFFFF&#8221; global_colors_info=&#8221;{}&#8221;][\/et_pb_section][et_pb_section fb_built=&#8221;1&#8243; _builder_version=&#8221;4.16&#8243; global_colors_info=&#8221;{}&#8221;][et_pb_row column_structure=&#8221;2_5,3_5&#8243; _builder_version=&#8221;4.25.2&#8243; _module_preset=&#8221;default&#8221; hover_enabled=&#8221;0&#8243; locked=&#8221;off&#8221; global_colors_info=&#8221;{}&#8221; sticky_enabled=&#8221;0&#8243;][et_pb_column type=&#8221;2_5&#8243; _builder_version=&#8221;4.25.2&#8243; _module_preset=&#8221;default&#8221; global_colors_info=&#8221;{}&#8221;][et_pb_post_title meta=&#8221;off&#8221; featured_image=&#8221;off&#8221; _builder_version=&#8221;4.25.2&#8243; _module_preset=&#8221;default&#8221; title_font=&#8221;||||||||&#8221; title_text_align=&#8221;left&#8221; title_font_size=&#8221;34px&#8221; global_colors_info=&#8221;{}&#8221;][\/et_pb_post_title][et_pb_divider color=&#8221;rgba(188,46,46,0.7)&#8221; divider_weight=&#8221;25px&#8221; _builder_version=&#8221;4.25.2&#8243; _module_preset=&#8221;default&#8221; width=&#8221;30%&#8221; custom_margin=&#8221;-60px||||false|false&#8221; global_colors_info=&#8221;{}&#8221;][\/et_pb_divider][\/et_pb_column][et_pb_column type=&#8221;3_5&#8243; _builder_version=&#8221;4.25.2&#8243; _module_preset=&#8221;default&#8221; global_colors_info=&#8221;{}&#8221;][\/et_pb_column][\/et_pb_row][et_pb_row _builder_version=&#8221;4.16&#8243; background_size=&#8221;initial&#8221; background_position=&#8221;top_left&#8221; background_repeat=&#8221;repeat&#8221; global_colors_info=&#8221;{}&#8221;][et_pb_column type=&#8221;4_4&#8243; _builder_version=&#8221;4.16&#8243; custom_padding=&#8221;|||&#8221; global_colors_info=&#8221;{}&#8221; custom_padding__hover=&#8221;|||&#8221;][et_pb_text _builder_version=&#8221;4.25.2&#8243; background_size=&#8221;initial&#8221; background_position=&#8221;top_left&#8221; background_repeat=&#8221;repeat&#8221; global_colors_info=&#8221;{}&#8221;]<\/p>\n<p>\u00bfQU\u00c9 ES UNA COOKIE?<\/p>\n<p>Una &#8220;cookie&#8221; es una peque\u00f1a cantidad de texto que se almacena en el navegador del usuario (como por ejemplo Google Chrome o Safari de Apple) cuando este navega por la mayor\u00eda de los sitios web. Una cookie no es un virus, ni un troyano, ni un gusano, ni spam, ni spyware, ni abre ventanas pop-up. <\/p>\n<p>\u00bfQU\u00c9 INFORMACI\u00d3N ALMACENA UNA COOKIE?<\/p>\n<p>Las cookies no suelen almacenar informaci\u00f3n sensible sobre el usuario, como n\u00fameros de tarjetas de cr\u00e9dito o datos bancarios, fotograf\u00edas o informaci\u00f3n personal, etc. Los datos que guardan las cookies son de car\u00e1cter t\u00e9cnico, estad\u00edsticos, preferencias personales, personalizaci\u00f3n de contenidos, etc. <\/p>\n<p>El servidor web no asocia al usuario como persona, sino a su navegador web. Si el usuario navega habitualmente con el navegador Chrome y prueba a navegar con el navegador Firefox, ver\u00e1 que la web no se da cuenta que el usuario es la misma persona porque en realidad est\u00e1 asociando la informaci\u00f3n al navegador, no a la persona. <\/p>\n<p>\u00bfQU\u00c9 COOKIES EXISTEN?<\/p>\n<p>Existen tres tipos diferentes de cookies:<\/p>\n<ul>\n<li>Cookies t\u00e9cnicas: son las cookies m\u00e1s elementales y permiten, entre otras cosas, saber cu\u00e1ndo est\u00e1 navegando un humano o una aplicaci\u00f3n automatizada, cuando navega un usuario an\u00f3nimo y uno registrado, que son tareas b\u00e1sicas para el funcionamiento de cualquier web din\u00e1mica.<\/li>\n<li>Cookies de an\u00e1lisis: son cookies que recogen informaci\u00f3n sobre el tipo de navegaci\u00f3n que est\u00e1 realizando el usuario, las secciones que m\u00e1s utiliza, productos consultados, franja horaria de uso, idioma, etc.<\/li>\n<li>Cookies publicitarias: son las cookies que muestran publicidad en funci\u00f3n de la navegaci\u00f3n del usuario, su pa\u00eds de procedencia, idioma, etc.<\/li>\n<\/ul>\n<p>COOKIES ACEPTADAS POR LA NORMATIVA Y COOKIES EXCEPTUADAS<\/p>\n<p>Seg\u00fan la directiva de la Uni\u00f3n Europea, las cookies que requieren el consentimiento informado por parte del usuario son las cookies de anal\u00edtica y las de publicidad y afiliaci\u00f3n, quedando exceptuadas las de car\u00e1cter t\u00e9cnico y las necesarias para el funcionamiento del sitio web o la prestaci\u00f3n de servicios expresamente solicitados por el usuario.<\/p>\n<p>\u00bfQU\u00c9 COOKIES UTILIZA ESTE SITIO WEB?<\/p>\n<p>Esta p\u00e1gina web utiliza cookies propias y de terceros. En este sitio web se utilizan las siguientes cookies que se detallan a continuaci\u00f3n:  <\/p>\n<p>COOKIES PROPIAS<\/p>\n<p>Personalizaci\u00f3n: las cookies nos ayudan a recordar con qu\u00e9 personas o sitios web has interactuado para que as\u00ed podamos mostrarte contenido relacionado.<\/p>\n<p>Preferencias: las cookies nos permiten recordar tus ajustes y preferencias, como el idioma preferido y tu configuraci\u00f3n de privacidad.<\/p>\n<p>Seguridad: utilizamos cookies para evitarte riesgos de seguridad.<\/p>\n<p>COOKIES DE TERCEROS<\/p>\n<p>Cookies anal\u00edticas de Google Analitycs<\/p>\n<p>Esta p\u00e1gina web utiliza servicios de an\u00e1lisis, concretamente Google Analytics para ayudar al sitio web a analizar el uso que hacen de la web los usuarios y para mejorar la usabilidad de la misma, pero en ning\u00fan caso se asocian a datos que pudieran llegar a identificar al usuario. Google Analytics es un servicio anal\u00edtico de web prestado por Google Inc. El usuario puede consultar en https:\/\/policies.google.com\/technologies\/types?hl=es&amp;gl=es el tipo de cookies utilizadas por Google.  <\/p>\n<p>COOKIES DE REDES SOCIALES<\/p>\n<p>Las cookies de redes sociales pueden almacenarse en el navegador del usuario mientras navega por la web.<\/p>\n<p>\u00bfSE PUEDEN ELIMINAR LAS COOKIES?<\/p>\n<p>Las cookies se pueden eliminar, y no solo eliminar sin tambi\u00e9n bloquear, de forma general o particular para un dominio espec\u00edfico.<\/p>\n<p>Para eliminar las cookies de un sitio web el usuario debe ir a la configuraci\u00f3n de su navegador y all\u00ed podr\u00e1 buscar las asociadas al dominio en cuesti\u00f3n y proceder a su eliminaci\u00f3n.<\/p>\n<ul>\n<li>Configuraci\u00f3n de cookies para Google Chrome https:\/\/support.google.com\/chrome\/answer\/95647?hl=es<\/li>\n<li>Configuraci\u00f3n de cookies para Apple Safari https:\/\/support.apple.com\/es-es\/HT201265<\/li>\n<li>Configuraci\u00f3n de cookies para Internet Explorer https:\/\/support.microsoft.com\/en-us\/help\/17442\/windows-internet-explorer-delete-manage-cookies#ie=ie-10<\/li>\n<li>Configuraci\u00f3n de cookies para Mozilla Firefox https:\/\/support.mozilla.org\/es\/kb\/habilitar-y-deshabilitar-cookies-sitios-web-rastrear-preferencias<\/li>\n<\/ul>\n<p>ACEPTACI\u00d3N DE COOKIES<\/p>\n<p>Si el usuario marca la casilla de aceptaci\u00f3n dispuesta en el banner despu\u00e9s de haberle informado sobre nuestra Pol\u00edtica de cookies entendemos que acepta la utilizaci\u00f3n de las cookies.<\/p>\n<p>Al acceder a este sitio web o aplicaci\u00f3n por primera vez, el usuario ver\u00e1 una advertencia donde se le informa de la utilizaci\u00f3n de las cookies y donde puede consultar esta pol\u00edtica de cookies. Si el usuario consiente la utilizaci\u00f3n de cookies marcando la casilla de aceptaci\u00f3n, se entender\u00e1 que ha consentido nuestra pol\u00edtica de cookies y, por tanto, la instalaci\u00f3n de las mismas en su equipo o dispositivo. <\/p>\n<p>Adem\u00e1s del uso de nuestras cookies propias, permitimos a terceros establecer cookies y acceder a ellas en el ordenador del usuario. El consentimiento del uso de las cookies de estas empresas est\u00e1 ligado a la aceptaci\u00f3n expresa del usuario. <\/p>\n<p>M\u00c1S INFORMACI\u00d3N SOBRE LAS COOKIES<\/p>\n<p>Para m\u00e1s informaci\u00f3n, los usuarios pueden consultar el reglamento sobre cookies publicado por la Agencia Espa\u00f1ola de Protecci\u00f3n de Datos en su &#8220;Gu\u00eda sobre el uso de las cookies&#8221; y obtener m\u00e1s informaci\u00f3n adicional sobre las cookies en Internet en http:\/\/www.aboutcookies.org\/<\/p>\n<p>Si el usuario desea tener un mayor control sobre la instalaci\u00f3n de cookies puede instalar programas o complementos a su navegador, conocidos como herramientas de &#8220;Do Not Track&#8221;, que le permitir\u00e1n escoger aquellas cookies que desee permitir.<\/p>\n<p>[\/et_pb_text][\/et_pb_column][\/et_pb_row][\/et_pb_section]<\/p>\n","protected":false},"excerpt":{"rendered":"<p>\u00bfQU\u00c9 ES UNA COOKIE? Una &#8220;cookie&#8221; es una peque\u00f1a cantidad de texto que se almacena en el navegador del usuario (como por ejemplo Google Chrome o Safari de Apple) cuando este navega por la mayor\u00eda de los sitios web. Una cookie no es un virus, ni un troyano, ni un gusano, ni spam, ni spyware, [&hellip;]<\/p>\n","protected":false},"author":1,"featured_media":0,"parent":0,"menu_order":0,"comment_status":"closed","ping_status":"closed","template":"","meta":{"_et_pb_use_builder":"on","_et_pb_old_content":"","_et_gb_content_width":"","_monsterinsights_skip_tracking":false,"_monsterinsights_sitenote_active":false,"_monsterinsights_sitenote_note":"","_monsterinsights_sitenote_category":0,"footnotes":""},"class_list":["post-2041","page","type-page","status-publish","hentry"],"yoast_head":"<!-- This site is optimized with the Yoast SEO plugin v27.2 - https:\/\/yoast.com\/product\/yoast-seo-wordpress\/ -->\n<title>COOKIE POLICY - Pescados Blas Paradela<\/title>\n<meta name=\"description\" content=\"Pol\u00edtica de cookies Pescados Blas Paradela, mayorista en pescados y mariscos frescos, merluza de pincho y volanta del Cant\u00e1brico.\" \/>\n<meta name=\"robots\" content=\"index, follow, max-snippet:-1, max-image-preview:large, max-video-preview:-1\" \/>\n<link rel=\"canonical\" href=\"https:\/\/pescadosblasparadela.com\/en\/cookie-policy\/\" \/>\n<meta property=\"og:locale\" content=\"en_US\" \/>\n<meta property=\"og:type\" content=\"article\" \/>\n<meta property=\"og:title\" content=\"COOKIE POLICY - Pescados Blas Paradela\" \/>\n<meta property=\"og:description\" content=\"Pol\u00edtica de cookies Pescados Blas Paradela, mayorista en pescados y mariscos frescos, merluza de pincho y volanta del Cant\u00e1brico.\" \/>\n<meta property=\"og:url\" content=\"https:\/\/pescadosblasparadela.com\/en\/cookie-policy\/\" \/>\n<meta property=\"og:site_name\" content=\"Pescados Blas Paradela\" \/>\n<meta property=\"article:modified_time\" content=\"2024-10-18T11:14:58+00:00\" \/>\n<meta name=\"twitter:card\" content=\"summary_large_image\" \/>\n<meta name=\"twitter:label1\" content=\"Est. reading time\" \/>\n\t<meta name=\"twitter:data1\" content=\"5 minutes\" \/>\n<script type=\"application\/ld+json\" class=\"yoast-schema-graph\">{\"@context\":\"https:\/\/schema.org\",\"@graph\":[{\"@type\":\"WebPage\",\"@id\":\"https:\/\/pescadosblasparadela.com\/en\/cookie-policy\/\",\"url\":\"https:\/\/pescadosblasparadela.com\/en\/cookie-policy\/\",\"name\":\"COOKIE POLICY - Pescados Blas Paradela\",\"isPartOf\":{\"@id\":\"https:\/\/pescadosblasparadela.com\/en\/#website\"},\"datePublished\":\"2024-06-13T14:09:05+00:00\",\"dateModified\":\"2024-10-18T11:14:58+00:00\",\"description\":\"Pol\u00edtica de cookies Pescados Blas Paradela, mayorista en pescados y mariscos frescos, merluza de pincho y volanta del Cant\u00e1brico.\",\"breadcrumb\":{\"@id\":\"https:\/\/pescadosblasparadela.com\/en\/cookie-policy\/#breadcrumb\"},\"inLanguage\":\"en-US\",\"potentialAction\":[{\"@type\":\"ReadAction\",\"target\":[\"https:\/\/pescadosblasparadela.com\/en\/cookie-policy\/\"]}]},{\"@type\":\"BreadcrumbList\",\"@id\":\"https:\/\/pescadosblasparadela.com\/en\/cookie-policy\/#breadcrumb\",\"itemListElement\":[{\"@type\":\"ListItem\",\"position\":1,\"name\":\"Portada\",\"item\":\"https:\/\/pescadosblasparadela.com\/en\/\"},{\"@type\":\"ListItem\",\"position\":2,\"name\":\"COOKIE POLICY\"}]},{\"@type\":\"WebSite\",\"@id\":\"https:\/\/pescadosblasparadela.com\/en\/#website\",\"url\":\"https:\/\/pescadosblasparadela.com\/en\/\",\"name\":\"Pescados Blas Paradela\",\"description\":\"Pescados y mariscos frescos\",\"publisher\":{\"@id\":\"https:\/\/pescadosblasparadela.com\/en\/#organization\"},\"potentialAction\":[{\"@type\":\"SearchAction\",\"target\":{\"@type\":\"EntryPoint\",\"urlTemplate\":\"https:\/\/pescadosblasparadela.com\/en\/?s={search_term_string}\"},\"query-input\":{\"@type\":\"PropertyValueSpecification\",\"valueRequired\":true,\"valueName\":\"search_term_string\"}}],\"inLanguage\":\"en-US\"},{\"@type\":\"Organization\",\"@id\":\"https:\/\/pescadosblasparadela.com\/en\/#organization\",\"name\":\"Pescados Blas Paradela\",\"url\":\"https:\/\/pescadosblasparadela.com\/en\/\",\"logo\":{\"@type\":\"ImageObject\",\"inLanguage\":\"en-US\",\"@id\":\"https:\/\/pescadosblasparadela.com\/en\/#\/schema\/logo\/image\/\",\"url\":\"https:\/\/pescadosblasparadela.com\/wp-content\/uploads\/2024\/06\/favicon.png\",\"contentUrl\":\"https:\/\/pescadosblasparadela.com\/wp-content\/uploads\/2024\/06\/favicon.png\",\"width\":550,\"height\":550,\"caption\":\"Pescados Blas Paradela\"},\"image\":{\"@id\":\"https:\/\/pescadosblasparadela.com\/en\/#\/schema\/logo\/image\/\"}}]}<\/script>\n<!-- \/ Yoast SEO plugin. -->","yoast_head_json":{"title":"COOKIE POLICY - Pescados Blas Paradela","description":"Pol\u00edtica de cookies Pescados Blas Paradela, mayorista en pescados y mariscos frescos, merluza de pincho y volanta del Cant\u00e1brico.","robots":{"index":"index","follow":"follow","max-snippet":"max-snippet:-1","max-image-preview":"max-image-preview:large","max-video-preview":"max-video-preview:-1"},"canonical":"https:\/\/pescadosblasparadela.com\/en\/cookie-policy\/","og_locale":"en_US","og_type":"article","og_title":"COOKIE POLICY - Pescados Blas Paradela","og_description":"Pol\u00edtica de cookies Pescados Blas Paradela, mayorista en pescados y mariscos frescos, merluza de pincho y volanta del Cant\u00e1brico.","og_url":"https:\/\/pescadosblasparadela.com\/en\/cookie-policy\/","og_site_name":"Pescados Blas Paradela","article_modified_time":"2024-10-18T11:14:58+00:00","twitter_card":"summary_large_image","twitter_misc":{"Est. reading time":"5 minutes"},"schema":{"@context":"https:\/\/schema.org","@graph":[{"@type":"WebPage","@id":"https:\/\/pescadosblasparadela.com\/en\/cookie-policy\/","url":"https:\/\/pescadosblasparadela.com\/en\/cookie-policy\/","name":"COOKIE POLICY - Pescados Blas Paradela","isPartOf":{"@id":"https:\/\/pescadosblasparadela.com\/en\/#website"},"datePublished":"2024-06-13T14:09:05+00:00","dateModified":"2024-10-18T11:14:58+00:00","description":"Pol\u00edtica de cookies Pescados Blas Paradela, mayorista en pescados y mariscos frescos, merluza de pincho y volanta del Cant\u00e1brico.","breadcrumb":{"@id":"https:\/\/pescadosblasparadela.com\/en\/cookie-policy\/#breadcrumb"},"inLanguage":"en-US","potentialAction":[{"@type":"ReadAction","target":["https:\/\/pescadosblasparadela.com\/en\/cookie-policy\/"]}]},{"@type":"BreadcrumbList","@id":"https:\/\/pescadosblasparadela.com\/en\/cookie-policy\/#breadcrumb","itemListElement":[{"@type":"ListItem","position":1,"name":"Portada","item":"https:\/\/pescadosblasparadela.com\/en\/"},{"@type":"ListItem","position":2,"name":"COOKIE POLICY"}]},{"@type":"WebSite","@id":"https:\/\/pescadosblasparadela.com\/en\/#website","url":"https:\/\/pescadosblasparadela.com\/en\/","name":"Pescados Blas Paradela","description":"Pescados y mariscos frescos","publisher":{"@id":"https:\/\/pescadosblasparadela.com\/en\/#organization"},"potentialAction":[{"@type":"SearchAction","target":{"@type":"EntryPoint","urlTemplate":"https:\/\/pescadosblasparadela.com\/en\/?s={search_term_string}"},"query-input":{"@type":"PropertyValueSpecification","valueRequired":true,"valueName":"search_term_string"}}],"inLanguage":"en-US"},{"@type":"Organization","@id":"https:\/\/pescadosblasparadela.com\/en\/#organization","name":"Pescados Blas Paradela","url":"https:\/\/pescadosblasparadela.com\/en\/","logo":{"@type":"ImageObject","inLanguage":"en-US","@id":"https:\/\/pescadosblasparadela.com\/en\/#\/schema\/logo\/image\/","url":"https:\/\/pescadosblasparadela.com\/wp-content\/uploads\/2024\/06\/favicon.png","contentUrl":"https:\/\/pescadosblasparadela.com\/wp-content\/uploads\/2024\/06\/favicon.png","width":550,"height":550,"caption":"Pescados Blas Paradela"},"image":{"@id":"https:\/\/pescadosblasparadela.com\/en\/#\/schema\/logo\/image\/"}}]}},"_links":{"self":[{"href":"https:\/\/pescadosblasparadela.com\/en\/wp-json\/wp\/v2\/pages\/2041","targetHints":{"allow":["GET"]}}],"collection":[{"href":"https:\/\/pescadosblasparadela.com\/en\/wp-json\/wp\/v2\/pages"}],"about":[{"href":"https:\/\/pescadosblasparadela.com\/en\/wp-json\/wp\/v2\/types\/page"}],"author":[{"embeddable":true,"href":"https:\/\/pescadosblasparadela.com\/en\/wp-json\/wp\/v2\/users\/1"}],"replies":[{"embeddable":true,"href":"https:\/\/pescadosblasparadela.com\/en\/wp-json\/wp\/v2\/comments?post=2041"}],"version-history":[{"count":2,"href":"https:\/\/pescadosblasparadela.com\/en\/wp-json\/wp\/v2\/pages\/2041\/revisions"}],"predecessor-version":[{"id":2043,"href":"https:\/\/pescadosblasparadela.com\/en\/wp-json\/wp\/v2\/pages\/2041\/revisions\/2043"}],"wp:attachment":[{"href":"https:\/\/pescadosblasparadela.com\/en\/wp-json\/wp\/v2\/media?parent=2041"}],"curies":[{"name":"wp","href":"https:\/\/api.w.org\/{rel}","templated":true}]}}